{"id":4325,"date":"2024-06-12T23:35:38","date_gmt":"2024-06-12T21:35:38","guid":{"rendered":"https:\/\/sophro-clermont.fr\/?page_id=4325"},"modified":"2024-06-12T23:50:34","modified_gmt":"2024-06-12T21:50:34","slug":"mentions-legales","status":"publish","type":"page","link":"https:\/\/sophro-clermont.fr\/index.php\/mentions-legales\/","title":{"rendered":"Mentions l\u00e9gales"},"content":{"rendered":"\t\t<div data-elementor-type=\"wp-page\" data-elementor-id=\"4325\" class=\"elementor elementor-4325\">\n\t\t\t\t<div class=\"elementor-element elementor-element-75de9a3 e-flex e-con-boxed e-con e-parent\" data-id=\"75de9a3\" data-element_type=\"container\" data-e-type=\"container\">\n\t\t\t\t\t<div class=\"e-con-inner\">\n\t\t\t\t<div class=\"elementor-element elementor-element-0af0862 elementor-widget elementor-widget-text-editor\" data-id=\"0af0862\" data-element_type=\"widget\" data-e-type=\"widget\" data-widget_type=\"text-editor.default\">\n\t\t\t\t<div class=\"elementor-widget-container\">\n\t\t\t\t\t\t\t\t\t<h3>Mentions L\u00e9gales<\/h3><p><strong>Derni\u00e8re mise \u00e0 jour : 12\/06\/2024<\/strong><\/p><h4>\u00c9diteur du Site<\/h4><ul><li><strong>Nom de l&rsquo;entreprise<\/strong> : DEVRAPRO (Alex POTIGNY)<\/li><li><strong>Forme juridique<\/strong> : Auto-entreprise<\/li><li><strong>Si\u00e8ge social<\/strong> : 9 rue Georges Couthon 63400 Chamali\u00e8res<\/li><li><strong>Si\u00e8ge social<\/strong> : <a>https:\/\/alexpotigny.fr<\/a><\/li><\/ul><h4>\u00a0<\/h4><h4>Responsable du site internet et de la publication<\/h4><ul><li><strong>Nom<\/strong> : BRUN Jessie<\/li><li><strong>Adresse<\/strong> : 14 Chez Faure, 63920 Peschadoires<\/li><li><strong>E-mail<\/strong> : jessiebrun-sophro@gmail.com<\/li><li><strong>T\u00e9l\u00e9phone<\/strong> : +33 6 59 98 15 03<\/li><\/ul><h4>H\u00e9bergeur<\/h4><ul><li><strong>Nom de l&rsquo;h\u00e9bergeur<\/strong> : Hostinger<\/li><li><strong>Adresse<\/strong> : 61 Lordou Vironos str. 6023 Larnaca, Chypre<\/li><li><strong>Site internet <\/strong>: <a href=\"https:\/\/www.hostinger.fr\/\">https:\/\/www.hostinger.fr\/<\/a><\/li><\/ul><h4>Propri\u00e9t\u00e9 Intellectuelle<\/h4><p>Le contenu de ce site, y compris mais sans s&rsquo;y limiter, les textes, images, vid\u00e9os, logos, et ic\u00f4nes, est prot\u00e9g\u00e9 par le droit d&rsquo;auteur et les autres lois relatives \u00e0 la propri\u00e9t\u00e9 intellectuelle. Toute reproduction, repr\u00e9sentation, modification, publication, transmission, d\u00e9naturation totale ou partielle du site ou de son contenu, par quelque proc\u00e9d\u00e9 que ce soit, et sur quelque support que ce soit, est interdite sans autorisation pr\u00e9alable et \u00e9crite de Jessie BRUN.<\/p><h4>Responsabilit\u00e9<\/h4><p>Jessie BRUN s&rsquo;efforce d&rsquo;assurer l&rsquo;exactitude et la mise \u00e0 jour des informations diffus\u00e9es sur ce site. Cependant, Jessie BRUN ne peut garantir l&rsquo;exactitude, la pr\u00e9cision ou l&rsquo;exhaustivit\u00e9 des informations mises \u00e0 disposition sur ce site. En cons\u00e9quence, Jessie BRUN d\u00e9cline toute responsabilit\u00e9 pour toute impr\u00e9cision, inexactitude ou omission portant sur des informations disponibles sur ce site.<\/p><p>Le site peut contenir des liens vers d&rsquo;autres sites que nous ne contr\u00f4lons pas. Nous ne pouvons \u00eatre tenus responsables du contenu ou des pratiques de confidentialit\u00e9 en vigueur sur ces autres sites.<\/p><h4>Donn\u00e9es Personnelles<\/h4><p>Pour en savoir plus sur la collecte et l&rsquo;utilisation de vos donn\u00e9es personnelles, veuillez consulter notre <a href=\"https:\/\/sophro-clermont.fr\/index.php\/politique-de-confidentialite\/\">politique de confidentialit\u00e9<\/a>.<\/p><h4>Cookies<\/h4><p>Le site utilise des cookies pour am\u00e9liorer l&rsquo;exp\u00e9rience utilisateur et \u00e0 des fins statistiques. Pour plus d&rsquo;informations, veuillez consulter notre <a href=\"https:\/\/sophro-clermont.fr\/index.php\/politique-de-cookies-ue\/\">politique de cookies<\/a>.<\/p><h4>Loi Applicable<\/h4><p>Les pr\u00e9sentes mentions l\u00e9gales sont r\u00e9gies par le droit fran\u00e7ais. Tout litige relatif \u00e0 l&rsquo;utilisation de ce site sera soumis \u00e0 la comp\u00e9tence exclusive des tribunaux fran\u00e7ais.<\/p><h4>Contact<\/h4><p>Pour toute question concernant les mentions l\u00e9gales, vous pouvez nous contacter \u00e0 :<\/p><ul><li><strong>Adresse<\/strong> : 14 Chez Faure, 63920 Peschadoires<\/li><li><strong>E-mail<\/strong> : jessiebrun-sophro@gmail.com<\/li><li><strong>T\u00e9l\u00e9phone<\/strong> : +33 6 59 98 15 03<\/li><\/ul><p>\u00a0<\/p><hr \/><p>Merci de votre visite sur \u00ab\u00a0sophro-clermont.fr\u00a0\u00bb. Nous esp\u00e9rons que vous trouverez notre contenu utile et informatif.<\/p>\t\t\t\t\t\t\t\t<\/div>\n\t\t\t\t<\/div>\n\t\t\t\t\t<\/div>\n\t\t\t\t<\/div>\n\t\t\t\t<\/div>\n\t\t","protected":false},"excerpt":{"rendered":"<p>Mentions L\u00e9gales Derni\u00e8re mise \u00e0 jour : 12\/06\/2024 \u00c9diteur du Site Nom de l&rsquo;entreprise : DEVRAPRO (Alex POTIGNY) Forme juridique : Auto-entreprise Si\u00e8ge social : 9 rue Georges Couthon 63400 [&hellip;]<\/p>\n","protected":false},"author":1,"featured_media":0,"parent":0,"menu_order":0,"comment_status":"closed","ping_status":"closed","template":"","meta":{"om_disable_all_campaigns":false,"_monsterinsights_skip_tracking":false,"_monsterinsights_sitenote_active":false,"_monsterinsights_sitenote_note":"","_monsterinsights_sitenote_category":0,"footnotes":""},"class_list":["post-4325","page","type-page","status-publish","hentry","rishi-post","no-post-thumbnail"],"rishi__cb_customizer_meta":"","aioseo_notices":[],"_links":{"self":[{"href":"https:\/\/sophro-clermont.fr\/index.php\/wp-json\/wp\/v2\/pages\/4325","targetHints":{"allow":["GET"]}}],"collection":[{"href":"https:\/\/sophro-clermont.fr\/index.php\/wp-json\/wp\/v2\/pages"}],"about":[{"href":"https:\/\/sophro-clermont.fr\/index.php\/wp-json\/wp\/v2\/types\/page"}],"author":[{"embeddable":true,"href":"https:\/\/sophro-clermont.fr\/index.php\/wp-json\/wp\/v2\/users\/1"}],"replies":[{"embeddable":true,"href":"https:\/\/sophro-clermont.fr\/index.php\/wp-json\/wp\/v2\/comments?post=4325"}],"version-history":[{"count":7,"href":"https:\/\/sophro-clermont.fr\/index.php\/wp-json\/wp\/v2\/pages\/4325\/revisions"}],"predecessor-version":[{"id":4333,"href":"https:\/\/sophro-clermont.fr\/index.php\/wp-json\/wp\/v2\/pages\/4325\/revisions\/4333"}],"wp:attachment":[{"href":"https:\/\/sophro-clermont.fr\/index.php\/wp-json\/wp\/v2\/media?parent=4325"}],"curies":[{"name":"wp","href":"https:\/\/api.w.org\/{rel}","templated":true}]}}