{"id":417,"date":"2021-09-09T05:25:11","date_gmt":"2021-09-09T05:25:11","guid":{"rendered":"https:\/\/sophro-clermont.fr\/index.php\/about\/"},"modified":"2025-02-01T00:32:51","modified_gmt":"2025-01-31T23:32:51","slug":"about","status":"publish","type":"page","link":"https:\/\/sophro-clermont.fr\/index.php\/about\/","title":{"rendered":"\u00c0 propos de moi"},"content":{"rendered":"\t\t<div data-elementor-type=\"wp-page\" data-elementor-id=\"417\" class=\"elementor elementor-417\">\n\t\t\t\t\t\t<section class=\"elementor-section elementor-top-section elementor-element elementor-element-45e363a2 elementor-section-height-min-height elementor-section-boxed elementor-section-height-default elementor-section-items-middle\" data-id=\"45e363a2\" data-element_type=\"section\" data-e-type=\"section\" data-settings=\"{&quot;background_background&quot;:&quot;classic&quot;}\">\n\t\t\t\t\t\t<div class=\"elementor-container elementor-column-gap-default\">\n\t\t\t\t\t<div class=\"elementor-column elementor-col-100 elementor-top-column elementor-element elementor-element-60ec79e\" data-id=\"60ec79e\" data-element_type=\"column\" data-e-type=\"column\">\n\t\t\t<div class=\"elementor-widget-wrap elementor-element-populated\">\n\t\t\t\t\t\t<div class=\"elementor-element elementor-element-f66882e elementor-widget elementor-widget-spacer\" data-id=\"f66882e\" data-element_type=\"widget\" data-e-type=\"widget\" data-widget_type=\"spacer.default\">\n\t\t\t\t<div class=\"elementor-widget-container\">\n\t\t\t\t\t\t\t<div class=\"elementor-spacer\">\n\t\t\t<div class=\"elementor-spacer-inner\"><\/div>\n\t\t<\/div>\n\t\t\t\t\t\t<\/div>\n\t\t\t\t<\/div>\n\t\t\t\t<section class=\"elementor-section elementor-inner-section elementor-element elementor-element-77eeeb0 elementor-section-content-middle elementor-reverse-mobile elementor-section-boxed elementor-section-height-default elementor-section-height-default\" data-id=\"77eeeb0\" data-element_type=\"section\" data-e-type=\"section\">\n\t\t\t\t\t\t<div class=\"elementor-container elementor-column-gap-default\">\n\t\t\t\t\t<div class=\"elementor-column elementor-col-100 elementor-inner-column elementor-element elementor-element-78f11152\" data-id=\"78f11152\" data-element_type=\"column\" data-e-type=\"column\">\n\t\t\t<div class=\"elementor-widget-wrap elementor-element-populated\">\n\t\t\t\t\t\t<div class=\"elementor-element elementor-element-15220086 elementor-widget elementor-widget-heading\" data-id=\"15220086\" data-element_type=\"widget\" data-e-type=\"widget\" data-widget_type=\"heading.default\">\n\t\t\t\t<div class=\"elementor-widget-container\">\n\t\t\t\t\t<h1 class=\"elementor-heading-title elementor-size-default\">\u00c0 propos de moi<\/h1>\t\t\t\t<\/div>\n\t\t\t\t<\/div>\n\t\t\t\t<div class=\"elementor-element elementor-element-46ada181 elementor-widget elementor-widget-spacer\" data-id=\"46ada181\" data-element_type=\"widget\" data-e-type=\"widget\" data-widget_type=\"spacer.default\">\n\t\t\t\t<div class=\"elementor-widget-container\">\n\t\t\t\t\t\t\t<div class=\"elementor-spacer\">\n\t\t\t<div class=\"elementor-spacer-inner\"><\/div>\n\t\t<\/div>\n\t\t\t\t\t\t<\/div>\n\t\t\t\t<\/div>\n\t\t\t\t\t<\/div>\n\t\t<\/div>\n\t\t\t\t\t<\/div>\n\t\t<\/section>\n\t\t\t\t\t<\/div>\n\t\t<\/div>\n\t\t\t\t\t<\/div>\n\t\t<\/section>\n\t\t\t\t<section class=\"elementor-section elementor-top-section elementor-element elementor-element-b7f715c elementor-section-boxed elementor-section-height-default elementor-section-height-default\" data-id=\"b7f715c\" data-element_type=\"section\" data-e-type=\"section\">\n\t\t\t\t\t\t<div class=\"elementor-container elementor-column-gap-default\">\n\t\t\t\t\t<div class=\"elementor-column elementor-col-100 elementor-top-column elementor-element elementor-element-24e77370 elementor-hidden-tablet elementor-hidden-mobile\" data-id=\"24e77370\" data-element_type=\"column\" data-e-type=\"column\">\n\t\t\t<div class=\"elementor-widget-wrap elementor-element-populated\">\n\t\t\t\t\t\t<section class=\"elementor-section elementor-inner-section elementor-element elementor-element-1c853f00 elementor-reverse-mobile elementor-section-content-middle elementor-section-full_width elementor-section-height-default elementor-section-height-default\" data-id=\"1c853f00\" data-element_type=\"section\" data-e-type=\"section\">\n\t\t\t\t\t\t<div class=\"elementor-container elementor-column-gap-default\">\n\t\t\t\t\t<div class=\"elementor-column elementor-col-100 elementor-inner-column elementor-element elementor-element-6ee94e4\" data-id=\"6ee94e4\" data-element_type=\"column\" data-e-type=\"column\">\n\t\t\t<div class=\"elementor-widget-wrap elementor-element-populated\">\n\t\t\t\t<div class=\"elementor-element elementor-element-fca39ce e-flex e-con-boxed e-con e-parent\" data-id=\"fca39ce\" data-element_type=\"container\" data-e-type=\"container\">\n\t\t\t\t\t<div class=\"e-con-inner\">\n\t\t\t\t<div class=\"elementor-element elementor-element-ed59f01 elementor-widget elementor-widget-image\" data-id=\"ed59f01\" data-element_type=\"widget\" data-e-type=\"widget\" data-widget_type=\"image.default\">\n\t\t\t\t<div class=\"elementor-widget-container\">\n\t\t\t\t\t\t\t\t\t\t\t\t\t\t\t<img decoding=\"async\" src=\"https:\/\/sophro-clermont.fr\/wp-content\/uploads\/2024\/05\/437653244_2660208737494608_7737983304957546221_n.jpeg\" title=\"437653244_2660208737494608_7737983304957546221_n\" alt=\"437653244_2660208737494608_7737983304957546221_n\" loading=\"lazy\" \/>\t\t\t\t\t\t\t\t\t\t\t\t\t\t\t<\/div>\n\t\t\t\t<\/div>\n\t\t\t\t<div class=\"elementor-element elementor-element-07462a0 elementor-widget elementor-widget-icon-box\" data-id=\"07462a0\" data-element_type=\"widget\" data-e-type=\"widget\" data-widget_type=\"icon-box.default\">\n\t\t\t\t<div class=\"elementor-widget-container\">\n\t\t\t\t\t\t\t<div class=\"elementor-icon-box-wrapper\">\n\n\t\t\t\n\t\t\t\t\t\t<div class=\"elementor-icon-box-content\">\n\n\t\t\t\t\n\t\t\t\t\t\t\t\t\t<p class=\"elementor-icon-box-description\">\n\t\t\t\t\t\tBonjour et bienvenue !<br> <br>\nJe suis ravie de vous accueillir sur mon site.  Je suis Jessie Brun et je suis  passionn\u00e9e par le bien-\u00eatre et le d\u00e9veloppement personnel.\t\t\t\t\t<\/p>\n\t\t\t\t\n\t\t\t<\/div>\n\t\t\t\n\t\t<\/div>\n\t\t\t\t\t\t<\/div>\n\t\t\t\t<\/div>\n\t\t\t\t\t<\/div>\n\t\t\t\t<\/div>\n\t\t<div class=\"elementor-element elementor-element-e7c27af e-con-full e-flex e-con e-parent\" data-id=\"e7c27af\" data-element_type=\"container\" data-e-type=\"container\">\n\t\t\t\t<div class=\"elementor-element elementor-element-1620da2 elementor-widget elementor-widget-image\" data-id=\"1620da2\" data-element_type=\"widget\" data-e-type=\"widget\" data-widget_type=\"image.default\">\n\t\t\t\t<div class=\"elementor-widget-container\">\n\t\t\t\t\t\t\t\t\t\t\t\t\t\t\t<img decoding=\"async\" width=\"195\" height=\"200\" src=\"https:\/\/sophro-clermont.fr\/wp-content\/uploads\/2024\/05\/0.png\" class=\"attachment-large size-large wp-image-3657\" alt=\"0\" \/>\t\t\t\t\t\t\t\t\t\t\t\t\t\t\t<\/div>\n\t\t\t\t<\/div>\n\t\t\t\t<div class=\"elementor-element elementor-element-4bf21d7 elementor-widget__width-inherit elementor-widget elementor-widget-text-editor\" data-id=\"4bf21d7\" data-element_type=\"widget\" data-e-type=\"widget\" data-widget_type=\"text-editor.default\">\n\t\t\t\t<div class=\"elementor-widget-container\">\n\t\t\t\t\t\t\t\t\t<p><img decoding=\"async\" class=\" wp-image-3747 alignleft\" src=\"http:\/\/sophro-clermont.fr\/wp-content\/uploads\/2024\/05\/Image7-254x300.png\" alt=\"\" width=\"120\" height=\"142\" srcset=\"https:\/\/sophro-clermont.fr\/wp-content\/uploads\/2024\/05\/Image7-254x300.png 254w, https:\/\/sophro-clermont.fr\/wp-content\/uploads\/2024\/05\/Image7.png 742w\" sizes=\"(max-width: 120px) 100vw, 120px\" \/>Mon parcours professionnel a \u00e9t\u00e9 riche en diversit\u00e9 commen\u00e7ant par une immersion dans le monde de la comptabilit\u00e9. Les chiffres, les bilans, et les d\u00e9clarations fiscales ont constitu\u00e9 l&rsquo;essentiel de mes journ\u00e9es.<\/p><p>Bien que j&rsquo;ai appr\u00e9ci\u00e9 l&rsquo;aspect analytique et structur\u00e9 de ce domaine, je ressentais un manque profond d&rsquo;accomplissement personnel.<\/p>\t\t\t\t\t\t\t\t<\/div>\n\t\t\t\t<\/div>\n\t\t\t\t<\/div>\n\t\t<div class=\"elementor-element elementor-element-cdc3e3f e-con-full e-flex e-con e-parent\" data-id=\"cdc3e3f\" data-element_type=\"container\" data-e-type=\"container\">\n\t\t\t\t<div class=\"elementor-element elementor-element-fafcb39 elementor-widget__width-inherit elementor-widget elementor-widget-text-editor\" data-id=\"fafcb39\" data-element_type=\"widget\" data-e-type=\"widget\" data-widget_type=\"text-editor.default\">\n\t\t\t\t<div class=\"elementor-widget-container\">\n\t\t\t\t\t\t\t\t\t<p><img decoding=\"async\" class=\" wp-image-3748 alignright\" src=\"http:\/\/sophro-clermont.fr\/wp-content\/uploads\/2024\/05\/Image6-300x250.png\" alt=\"\" width=\"166\" height=\"138\" srcset=\"https:\/\/sophro-clermont.fr\/wp-content\/uploads\/2024\/05\/Image6-300x250.png 300w, https:\/\/sophro-clermont.fr\/wp-content\/uploads\/2024\/05\/Image6-1024x855.png 1024w, https:\/\/sophro-clermont.fr\/wp-content\/uploads\/2024\/05\/Image6-768x641.png 768w, https:\/\/sophro-clermont.fr\/wp-content\/uploads\/2024\/05\/Image6.png 1054w\" sizes=\"(max-width: 166px) 100vw, 166px\" \/><\/p>\n<p>Par la suite, j&rsquo;ai d\u00e9cid\u00e9 de changer de voie et de me consacrer \u00e0 l&rsquo;enseignement de la conduite. Guider les futurs conducteurs sur les routes m&rsquo;a apport\u00e9 une satisfaction diff\u00e9rente, mais l\u00e0 encore, je me suis retrouv\u00e9e \u00e0 la recherche d&rsquo;un \u00e9panouissement plus profond.<\/p>\t\t\t\t\t\t\t\t<\/div>\n\t\t\t\t<\/div>\n\t\t\t\t<\/div>\n\t\t<div class=\"elementor-element elementor-element-2e74a9b e-con-full e-flex e-con e-parent\" data-id=\"2e74a9b\" data-element_type=\"container\" data-e-type=\"container\">\n\t\t\t\t<div class=\"elementor-element elementor-element-22138b8 elementor-widget__width-inherit elementor-widget elementor-widget-text-editor\" data-id=\"22138b8\" data-element_type=\"widget\" data-e-type=\"widget\" data-widget_type=\"text-editor.default\">\n\t\t\t\t<div class=\"elementor-widget-container\">\n\t\t\t\t\t\t\t\t\t<p>C&rsquo;est alors que la sophrologie est entr\u00e9e dans ma vie. Initialement curieuse, j&rsquo;ai commenc\u00e9 \u00e0 explorer cette pratique et \u00e0 en d\u00e9couvrir les multiples vertus. La sophrologie m&rsquo;a permis de renouer avec moi m\u00eame, d&rsquo;explorer mes \u00e9motions et mes pens\u00e9es avec bienveillance et sans jugement.<\/p>\t\t\t\t\t\t\t\t<\/div>\n\t\t\t\t<\/div>\n\t\t\t\t<\/div>\n\t\t<div class=\"elementor-element elementor-element-1959925 e-con-full e-flex e-con e-parent\" data-id=\"1959925\" data-element_type=\"container\" data-e-type=\"container\">\n\t\t\t\t<div class=\"elementor-element elementor-element-f1943df elementor-widget elementor-widget-image\" data-id=\"f1943df\" data-element_type=\"widget\" data-e-type=\"widget\" data-widget_type=\"image.default\">\n\t\t\t\t<div class=\"elementor-widget-container\">\n\t\t\t\t\t\t\t\t\t\t\t\t\t\t\t<img decoding=\"async\" width=\"195\" height=\"200\" src=\"https:\/\/sophro-clermont.fr\/wp-content\/uploads\/2024\/05\/0.png\" class=\"attachment-large size-large wp-image-3657\" alt=\"0\" \/>\t\t\t\t\t\t\t\t\t\t\t\t\t\t\t<\/div>\n\t\t\t\t<\/div>\n\t\t\t\t<div class=\"elementor-element elementor-element-919dc8f elementor-widget__width-inherit elementor-widget elementor-widget-text-editor\" data-id=\"919dc8f\" data-element_type=\"widget\" data-e-type=\"widget\" data-widget_type=\"text-editor.default\">\n\t\t\t\t<div class=\"elementor-widget-container\">\n\t\t\t\t\t\t\t\t\t<p><img loading=\"lazy\" decoding=\"async\" class=\"wp-image-3749 alignleft\" src=\"http:\/\/sophro-clermont.fr\/wp-content\/uploads\/2024\/05\/Image8.png\" alt=\"\" width=\"173\" height=\"173\" srcset=\"https:\/\/sophro-clermont.fr\/wp-content\/uploads\/2024\/05\/Image8.png 216w, https:\/\/sophro-clermont.fr\/wp-content\/uploads\/2024\/05\/Image8-150x150.png 150w, https:\/\/sophro-clermont.fr\/wp-content\/uploads\/2024\/05\/Image8-170x170.png 170w\" sizes=\"(max-width: 173px) 100vw, 173px\" \/><\/p><p>Au fil de ma propre exp\u00e9rience et de ma formation approfondie en sophrologie, j&rsquo;ai r\u00e9alis\u00e9 \u00e0 quel point cette discipline pouvait \u00eatre transformative. Elle m&rsquo;a aid\u00e9 \u00e0 g\u00e9rer le stress, \u00e0 renforcer ma confiance en moi, et \u00e0 cultiver un \u00e9tat d&rsquo;esprit positif au quotidien.\u00a0<\/p><p>Fascin\u00e9e par les bienfaits de la sophrologie sur ma vie, j&rsquo;ai d\u00e9cid\u00e9 de consacrer ma carri\u00e8re \u00e0 accompagner les autres sur le chemin du mieux-\u00eatre.<\/p>\t\t\t\t\t\t\t\t<\/div>\n\t\t\t\t<\/div>\n\t\t\t\t<\/div>\n\t\t<div class=\"elementor-element elementor-element-9873f9e e-con-full e-flex e-con e-parent\" data-id=\"9873f9e\" data-element_type=\"container\" data-e-type=\"container\">\n\t\t\t\t<div class=\"elementor-element elementor-element-bb8768f elementor-widget elementor-widget-image\" data-id=\"bb8768f\" data-element_type=\"widget\" data-e-type=\"widget\" data-widget_type=\"image.default\">\n\t\t\t\t<div class=\"elementor-widget-container\">\n\t\t\t\t\t\t\t\t\t\t\t\t\t\t\t<img decoding=\"async\" width=\"195\" height=\"200\" src=\"https:\/\/sophro-clermont.fr\/wp-content\/uploads\/2024\/05\/0.png\" class=\"attachment-large size-large wp-image-3657\" alt=\"0\" \/>\t\t\t\t\t\t\t\t\t\t\t\t\t\t\t<\/div>\n\t\t\t\t<\/div>\n\t\t\t\t<div class=\"elementor-element elementor-element-9ae3dd7 elementor-widget__width-inherit elementor-widget elementor-widget-text-editor\" data-id=\"9ae3dd7\" data-element_type=\"widget\" data-e-type=\"widget\" data-widget_type=\"text-editor.default\">\n\t\t\t\t<div class=\"elementor-widget-container\">\n\t\t\t\t\t\t\t\t\t<p><img loading=\"lazy\" decoding=\"async\" class=\" wp-image-3750 alignright\" src=\"http:\/\/sophro-clermont.fr\/wp-content\/uploads\/2024\/05\/Image9-216x300.png\" alt=\"\" width=\"145\" height=\"201\" srcset=\"https:\/\/sophro-clermont.fr\/wp-content\/uploads\/2024\/05\/Image9-216x300.png 216w, https:\/\/sophro-clermont.fr\/wp-content\/uploads\/2024\/05\/Image9.png 540w\" sizes=\"(max-width: 145px) 100vw, 145px\" \/>Aujourd&rsquo;hui, en tant que sophrologue, mon objectif est de partager avec vous les outils et les techniques qui m&rsquo;ont aid\u00e9 \u00e0 retrouver \u00e9quilibre et s\u00e9r\u00e9nit\u00e9. Que vous recherchiez un soulagement du stress, une am\u00e9lioration de votre qualit\u00e9 de vie, ou simplement un moment pour vous reconnecter avec vous-m\u00eame, je suis l\u00e0 pour vous accompagner dans votre voyage vers le bien-\u00eatre.<\/p>\t\t\t\t\t\t\t\t<\/div>\n\t\t\t\t<\/div>\n\t\t\t\t<\/div>\n\t\t<div class=\"elementor-element elementor-element-6ea6998 e-con-full e-flex e-con e-parent\" data-id=\"6ea6998\" data-element_type=\"container\" data-e-type=\"container\">\n\t\t\t\t<div class=\"elementor-element elementor-element-3e8a1b6 elementor-widget__width-inherit elementor-widget elementor-widget-text-editor\" data-id=\"3e8a1b6\" data-element_type=\"widget\" data-e-type=\"widget\" data-widget_type=\"text-editor.default\">\n\t\t\t\t<div class=\"elementor-widget-container\">\n\t\t\t\t\t\t\t\t\t<p>N&rsquo;h\u00e9sitez pas \u00e0 explorer mon site pour en savoir plus sur mes services et sur la fa\u00e7on dont la sophrologie peut vous aider \u00e0 transformer votre vie.<\/p><p>Bien \u00e0 vous,<\/p>\t\t\t\t\t\t\t\t<\/div>\n\t\t\t\t<\/div>\n\t\t\t\t<\/div>\n\t\t<div class=\"elementor-element elementor-element-f0009ed e-con-full e-flex e-con e-parent\" data-id=\"f0009ed\" data-element_type=\"container\" data-e-type=\"container\">\n\t\t\t\t<div class=\"elementor-element elementor-element-3902194 elementor-widget elementor-widget-image\" data-id=\"3902194\" data-element_type=\"widget\" data-e-type=\"widget\" data-widget_type=\"image.default\">\n\t\t\t\t<div class=\"elementor-widget-container\">\n\t\t\t\t\t\t\t\t\t\t\t\t\t\t\t<img loading=\"lazy\" decoding=\"async\" width=\"150\" height=\"39\" src=\"https:\/\/sophro-clermont.fr\/wp-content\/uploads\/2024\/02\/Logo-ecrit.svg\" class=\"attachment-thumbnail size-thumbnail wp-image-3625\" alt=\"Logo Jessie Brun\" \/>\t\t\t\t\t\t\t\t\t\t\t\t\t\t\t<\/div>\n\t\t\t\t<\/div>\n\t\t\t\t<\/div>\n\t\t\t\t\t<\/div>\n\t\t<\/div>\n\t\t\t\t\t<\/div>\n\t\t<\/section>\n\t\t\t\t\t<\/div>\n\t\t<\/div>\n\t\t\t\t\t<\/div>\n\t\t<\/section>\n\t\t<div class=\"elementor-element elementor-element-b35643e elementor-hidden-desktop e-flex e-con-boxed e-con e-parent\" data-id=\"b35643e\" data-element_type=\"container\" data-e-type=\"container\">\n\t\t\t\t\t<div class=\"e-con-inner\">\n\t\t\t\t<div class=\"elementor-element elementor-element-fe158c2 elementor-widget elementor-widget-image\" data-id=\"fe158c2\" data-element_type=\"widget\" data-e-type=\"widget\" data-widget_type=\"image.default\">\n\t\t\t\t<div class=\"elementor-widget-container\">\n\t\t\t\t\t\t\t\t\t\t\t\t\t\t\t<img decoding=\"async\" src=\"https:\/\/sophro-clermont.fr\/wp-content\/uploads\/2024\/05\/437653244_2660208737494608_7737983304957546221_n.jpeg\" title=\"437653244_2660208737494608_7737983304957546221_n\" alt=\"437653244_2660208737494608_7737983304957546221_n\" loading=\"lazy\" \/>\t\t\t\t\t\t\t\t\t\t\t\t\t\t\t<\/div>\n\t\t\t\t<\/div>\n\t\t\t\t<div class=\"elementor-element elementor-element-2545eee elementor-widget elementor-widget-icon-box\" data-id=\"2545eee\" data-element_type=\"widget\" data-e-type=\"widget\" data-widget_type=\"icon-box.default\">\n\t\t\t\t<div class=\"elementor-widget-container\">\n\t\t\t\t\t\t\t<div class=\"elementor-icon-box-wrapper\">\n\n\t\t\t\n\t\t\t\t\t\t<div class=\"elementor-icon-box-content\">\n\n\t\t\t\t\n\t\t\t\t\t\t\t\t\t<p class=\"elementor-icon-box-description\">\n\t\t\t\t\t\tBonjour et bienvenue !<br> <br>\nJe suis ravie de vous accueillir sur mon site.  Je suis Jessie Brun et je suis  passionn\u00e9e par le bien-\u00eatre et le d\u00e9veloppement personnel.\t\t\t\t\t<\/p>\n\t\t\t\t\n\t\t\t<\/div>\n\t\t\t\n\t\t<\/div>\n\t\t\t\t\t\t<\/div>\n\t\t\t\t<\/div>\n\t\t\t\t<div class=\"elementor-element elementor-element-aadab87 elementor-widget__width-inherit elementor-widget elementor-widget-text-editor\" data-id=\"aadab87\" data-element_type=\"widget\" data-e-type=\"widget\" data-widget_type=\"text-editor.default\">\n\t\t\t\t<div class=\"elementor-widget-container\">\n\t\t\t\t\t\t\t\t\t<p><img decoding=\"async\" class=\" wp-image-3747 alignleft\" src=\"http:\/\/sophro-clermont.fr\/wp-content\/uploads\/2024\/05\/Image7-254x300.png\" alt=\"\" width=\"120\" height=\"142\" srcset=\"https:\/\/sophro-clermont.fr\/wp-content\/uploads\/2024\/05\/Image7-254x300.png 254w, https:\/\/sophro-clermont.fr\/wp-content\/uploads\/2024\/05\/Image7.png 742w\" sizes=\"(max-width: 120px) 100vw, 120px\" \/>Mon parcours professionnel a \u00e9t\u00e9 riche en diversit\u00e9 commen\u00e7ant par une immersion dans le monde de la comptabilit\u00e9. Les chiffres, les bilans, et les d\u00e9clarations fiscales ont constitu\u00e9 l&rsquo;essentiel de mes journ\u00e9es.<\/p><p>Bien que j&rsquo;ai appr\u00e9ci\u00e9 l&rsquo;aspect analytique et structur\u00e9 de ce domaine, je ressentais un manque profond d&rsquo;accomplissement personnel.<\/p>\t\t\t\t\t\t\t\t<\/div>\n\t\t\t\t<\/div>\n\t\t\t\t<div class=\"elementor-element elementor-element-fbd036f elementor-widget__width-inherit elementor-widget elementor-widget-text-editor\" data-id=\"fbd036f\" data-element_type=\"widget\" data-e-type=\"widget\" data-widget_type=\"text-editor.default\">\n\t\t\t\t<div class=\"elementor-widget-container\">\n\t\t\t\t\t\t\t\t\t<p><img decoding=\"async\" class=\" wp-image-3748 alignright\" src=\"http:\/\/sophro-clermont.fr\/wp-content\/uploads\/2024\/05\/Image6-300x250.png\" alt=\"\" width=\"166\" height=\"138\" srcset=\"https:\/\/sophro-clermont.fr\/wp-content\/uploads\/2024\/05\/Image6-300x250.png 300w, https:\/\/sophro-clermont.fr\/wp-content\/uploads\/2024\/05\/Image6-1024x855.png 1024w, https:\/\/sophro-clermont.fr\/wp-content\/uploads\/2024\/05\/Image6-768x641.png 768w, https:\/\/sophro-clermont.fr\/wp-content\/uploads\/2024\/05\/Image6.png 1054w\" sizes=\"(max-width: 166px) 100vw, 166px\" \/>Par la suite, j&rsquo;ai d\u00e9cid\u00e9 de changer de voie et de me consacrer \u00e0 l&rsquo;enseignement de la conduite. Guider les futurs conducteurs sur les routes m&rsquo;a apport\u00e9 une satisfaction diff\u00e9rente, mais l\u00e0 encore, je me suis retrouv\u00e9e \u00e0 la recherche d&rsquo;un \u00e9panouissement plus profond.<\/p>\t\t\t\t\t\t\t\t<\/div>\n\t\t\t\t<\/div>\n\t\t\t\t<div class=\"elementor-element elementor-element-2922ca8 elementor-widget__width-inherit elementor-widget elementor-widget-text-editor\" data-id=\"2922ca8\" data-element_type=\"widget\" data-e-type=\"widget\" data-widget_type=\"text-editor.default\">\n\t\t\t\t<div class=\"elementor-widget-container\">\n\t\t\t\t\t\t\t\t\t<p>C&rsquo;est alors que la sophrologie est entr\u00e9e dans ma vie. Initialement curieuse, j&rsquo;ai commenc\u00e9 \u00e0 explorer cette pratique et \u00e0 en d\u00e9couvrir les multiples vertus. La sophrologie m&rsquo;a permis de renouer avec moi m\u00eame, d&rsquo;explorer mes \u00e9motions et mes pens\u00e9es avec bienveillance et\u00a0sans jugement.<\/p>\t\t\t\t\t\t\t\t<\/div>\n\t\t\t\t<\/div>\n\t\t\t\t<div class=\"elementor-element elementor-element-5ded8a2 elementor-widget__width-inherit elementor-widget elementor-widget-text-editor\" data-id=\"5ded8a2\" data-element_type=\"widget\" data-e-type=\"widget\" data-widget_type=\"text-editor.default\">\n\t\t\t\t<div class=\"elementor-widget-container\">\n\t\t\t\t\t\t\t\t\t<p><img loading=\"lazy\" decoding=\"async\" class=\"wp-image-3749 alignleft\" src=\"http:\/\/sophro-clermont.fr\/wp-content\/uploads\/2024\/05\/Image8.png\" alt=\"\" width=\"156\" height=\"156\" srcset=\"https:\/\/sophro-clermont.fr\/wp-content\/uploads\/2024\/05\/Image8.png 216w, https:\/\/sophro-clermont.fr\/wp-content\/uploads\/2024\/05\/Image8-150x150.png 150w, https:\/\/sophro-clermont.fr\/wp-content\/uploads\/2024\/05\/Image8-170x170.png 170w\" sizes=\"(max-width: 156px) 100vw, 156px\" \/>Au fil de ma propre exp\u00e9rience et de ma formation approfondie en sophrologie, j&rsquo;ai r\u00e9alis\u00e9 \u00e0 quel point cette discipline pouvait \u00eatre transformative. Elle m&rsquo;a aid\u00e9 \u00e0 g\u00e9rer le stress, \u00e0 renforcer ma confiance en moi, et \u00e0 cultiver un \u00e9tat d&rsquo;esprit positif au quotidien.\u00a0<\/p><p>Fascin\u00e9e par les bienfaits de la sophrologie sur ma vie, j&rsquo;ai d\u00e9cid\u00e9 de consacrer ma carri\u00e8re \u00e0 accompagner les autres sur le chemin du mieux-\u00eatre.<\/p>\t\t\t\t\t\t\t\t<\/div>\n\t\t\t\t<\/div>\n\t\t\t\t<div class=\"elementor-element elementor-element-bdb3079 elementor-widget__width-inherit elementor-widget elementor-widget-text-editor\" data-id=\"bdb3079\" data-element_type=\"widget\" data-e-type=\"widget\" data-widget_type=\"text-editor.default\">\n\t\t\t\t<div class=\"elementor-widget-container\">\n\t\t\t\t\t\t\t\t\t<p><img loading=\"lazy\" decoding=\"async\" class=\" wp-image-3750 alignright\" src=\"http:\/\/sophro-clermont.fr\/wp-content\/uploads\/2024\/05\/Image9-216x300.png\" alt=\"\" width=\"145\" height=\"201\" srcset=\"https:\/\/sophro-clermont.fr\/wp-content\/uploads\/2024\/05\/Image9-216x300.png 216w, https:\/\/sophro-clermont.fr\/wp-content\/uploads\/2024\/05\/Image9.png 540w\" sizes=\"(max-width: 145px) 100vw, 145px\" \/>Aujourd&rsquo;hui, en tant que sophrologue (en cours de certification), mon objectif est de partager avec vous les outils et les techniques qui m&rsquo;ont aid\u00e9 \u00e0 retrouver \u00e9quilibre et s\u00e9r\u00e9nit\u00e9. Que vous recherchiez un soulagement du stress, une am\u00e9lioration de votre qualit\u00e9 de vie, ou simplement un moment pour vous reconnecter avec vous-m\u00eame, je suis l\u00e0 pour vous accompagner dans votre voyage vers le bien-\u00eatre.<\/p>\t\t\t\t\t\t\t\t<\/div>\n\t\t\t\t<\/div>\n\t\t\t\t<div class=\"elementor-element elementor-element-e3cbfc8 elementor-widget__width-inherit elementor-widget elementor-widget-text-editor\" data-id=\"e3cbfc8\" data-element_type=\"widget\" data-e-type=\"widget\" data-widget_type=\"text-editor.default\">\n\t\t\t\t<div class=\"elementor-widget-container\">\n\t\t\t\t\t\t\t\t\t<p>N&rsquo;h\u00e9sitez pas \u00e0 explorer mon site pour en savoir plus sur mes services et sur la fa\u00e7on dont la sophrologie peut vous aider \u00e0 transformer votre vie.<\/p><p>Bien \u00e0 vous,<\/p>\t\t\t\t\t\t\t\t<\/div>\n\t\t\t\t<\/div>\n\t\t\t\t<div class=\"elementor-element elementor-element-0c7ff56 elementor-widget elementor-widget-image\" data-id=\"0c7ff56\" data-element_type=\"widget\" data-e-type=\"widget\" data-widget_type=\"image.default\">\n\t\t\t\t<div class=\"elementor-widget-container\">\n\t\t\t\t\t\t\t\t\t\t\t\t\t\t\t<img loading=\"lazy\" decoding=\"async\" width=\"150\" height=\"39\" src=\"https:\/\/sophro-clermont.fr\/wp-content\/uploads\/2024\/02\/Logo-ecrit.svg\" class=\"attachment-thumbnail size-thumbnail wp-image-3625\" alt=\"Logo Jessie Brun\" \/>\t\t\t\t\t\t\t\t\t\t\t\t\t\t\t<\/div>\n\t\t\t\t<\/div>\n\t\t\t\t\t<\/div>\n\t\t\t\t<\/div>\n\t\t\t\t<\/div>\n\t\t","protected":false},"excerpt":{"rendered":"<p>\u00c0 propos de moi Bonjour et bienvenue ! Je suis ravie de vous accueillir sur mon site. Je suis Jessie Brun et je suis passionn\u00e9e par le bien-\u00eatre et le [&hellip;]<\/p>\n","protected":false},"author":1,"featured_media":0,"parent":0,"menu_order":0,"comment_status":"closed","ping_status":"closed","template":"","meta":{"om_disable_all_campaigns":false,"_monsterinsights_skip_tracking":false,"_monsterinsights_sitenote_active":false,"_monsterinsights_sitenote_note":"","_monsterinsights_sitenote_category":0,"footnotes":""},"class_list":["post-417","page","type-page","status-publish","hentry","rishi-post","no-post-thumbnail"],"rishi__cb_customizer_meta":"","aioseo_notices":[],"_links":{"self":[{"href":"https:\/\/sophro-clermont.fr\/index.php\/wp-json\/wp\/v2\/pages\/417","targetHints":{"allow":["GET"]}}],"collection":[{"href":"https:\/\/sophro-clermont.fr\/index.php\/wp-json\/wp\/v2\/pages"}],"about":[{"href":"https:\/\/sophro-clermont.fr\/index.php\/wp-json\/wp\/v2\/types\/page"}],"author":[{"embeddable":true,"href":"https:\/\/sophro-clermont.fr\/index.php\/wp-json\/wp\/v2\/users\/1"}],"replies":[{"embeddable":true,"href":"https:\/\/sophro-clermont.fr\/index.php\/wp-json\/wp\/v2\/comments?post=417"}],"version-history":[{"count":29,"href":"https:\/\/sophro-clermont.fr\/index.php\/wp-json\/wp\/v2\/pages\/417\/revisions"}],"predecessor-version":[{"id":4347,"href":"https:\/\/sophro-clermont.fr\/index.php\/wp-json\/wp\/v2\/pages\/417\/revisions\/4347"}],"wp:attachment":[{"href":"https:\/\/sophro-clermont.fr\/index.php\/wp-json\/wp\/v2\/media?parent=417"}],"curies":[{"name":"wp","href":"https:\/\/api.w.org\/{rel}","templated":true}]}}