{"id":3647,"date":"2024-05-20T14:19:22","date_gmt":"2024-05-20T12:19:22","guid":{"rendered":"https:\/\/sophro-clermont.fr\/?page_id=3647"},"modified":"2024-06-04T23:15:02","modified_gmt":"2024-06-04T21:15:02","slug":"ma-mission","status":"publish","type":"page","link":"https:\/\/sophro-clermont.fr\/index.php\/ma-mission\/","title":{"rendered":"Ma mission"},"content":{"rendered":"\t\t<div data-elementor-type=\"wp-page\" data-elementor-id=\"3647\" class=\"elementor elementor-3647\">\n\t\t\t\t\t\t<section class=\"elementor-section elementor-top-section elementor-element elementor-element-3fa31bc elementor-section-height-min-height elementor-section-boxed elementor-section-height-default elementor-section-items-middle\" data-id=\"3fa31bc\" data-element_type=\"section\" data-e-type=\"section\" data-settings=\"{&quot;background_background&quot;:&quot;classic&quot;}\">\n\t\t\t\t\t\t<div class=\"elementor-container elementor-column-gap-default\">\n\t\t\t\t\t<div class=\"elementor-column elementor-col-100 elementor-top-column elementor-element elementor-element-8e2c445\" data-id=\"8e2c445\" data-element_type=\"column\" data-e-type=\"column\">\n\t\t\t<div class=\"elementor-widget-wrap elementor-element-populated\">\n\t\t\t\t\t\t<div class=\"elementor-element elementor-element-06332d6 elementor-widget elementor-widget-spacer\" data-id=\"06332d6\" data-element_type=\"widget\" data-e-type=\"widget\" data-widget_type=\"spacer.default\">\n\t\t\t\t<div class=\"elementor-widget-container\">\n\t\t\t\t\t\t\t<div class=\"elementor-spacer\">\n\t\t\t<div class=\"elementor-spacer-inner\"><\/div>\n\t\t<\/div>\n\t\t\t\t\t\t<\/div>\n\t\t\t\t<\/div>\n\t\t\t\t<section class=\"elementor-section elementor-inner-section elementor-element elementor-element-9e26662 elementor-section-content-middle elementor-reverse-mobile elementor-section-boxed elementor-section-height-default elementor-section-height-default\" data-id=\"9e26662\" data-element_type=\"section\" data-e-type=\"section\">\n\t\t\t\t\t\t<div class=\"elementor-container elementor-column-gap-default\">\n\t\t\t\t\t<div class=\"elementor-column elementor-col-100 elementor-inner-column elementor-element elementor-element-0a5ef12\" data-id=\"0a5ef12\" data-element_type=\"column\" data-e-type=\"column\">\n\t\t\t<div class=\"elementor-widget-wrap elementor-element-populated\">\n\t\t\t\t\t\t<div class=\"elementor-element elementor-element-74e3f3c elementor-widget elementor-widget-heading\" data-id=\"74e3f3c\" data-element_type=\"widget\" data-e-type=\"widget\" data-widget_type=\"heading.default\">\n\t\t\t\t<div class=\"elementor-widget-container\">\n\t\t\t\t\t<h1 class=\"elementor-heading-title elementor-size-default\">Ma mission<\/h1>\t\t\t\t<\/div>\n\t\t\t\t<\/div>\n\t\t\t\t<div class=\"elementor-element elementor-element-7cdc292 elementor-widget elementor-widget-spacer\" data-id=\"7cdc292\" data-element_type=\"widget\" data-e-type=\"widget\" data-widget_type=\"spacer.default\">\n\t\t\t\t<div class=\"elementor-widget-container\">\n\t\t\t\t\t\t\t<div class=\"elementor-spacer\">\n\t\t\t<div class=\"elementor-spacer-inner\"><\/div>\n\t\t<\/div>\n\t\t\t\t\t\t<\/div>\n\t\t\t\t<\/div>\n\t\t\t\t\t<\/div>\n\t\t<\/div>\n\t\t\t\t\t<\/div>\n\t\t<\/section>\n\t\t\t\t\t<\/div>\n\t\t<\/div>\n\t\t\t\t\t<\/div>\n\t\t<\/section>\n\t\t\t\t<section class=\"elementor-section elementor-top-section elementor-element elementor-element-c45a218 elementor-section-boxed elementor-section-height-default elementor-section-height-default\" data-id=\"c45a218\" data-element_type=\"section\" data-e-type=\"section\">\n\t\t\t\t\t\t<div class=\"elementor-container elementor-column-gap-default\">\n\t\t\t\t\t<div class=\"elementor-column elementor-col-100 elementor-top-column elementor-element elementor-element-e8492f3 elementor-hidden-tablet elementor-hidden-mobile\" data-id=\"e8492f3\" data-element_type=\"column\" data-e-type=\"column\">\n\t\t\t<div class=\"elementor-widget-wrap elementor-element-populated\">\n\t\t\t\t\t\t<section class=\"elementor-section elementor-inner-section elementor-element elementor-element-fd092da elementor-reverse-mobile elementor-section-content-middle elementor-section-full_width elementor-section-height-default elementor-section-height-default\" data-id=\"fd092da\" data-element_type=\"section\" data-e-type=\"section\">\n\t\t\t\t\t\t<div class=\"elementor-container elementor-column-gap-default\">\n\t\t\t\t\t<div class=\"elementor-column elementor-col-100 elementor-inner-column elementor-element elementor-element-ece43ff\" data-id=\"ece43ff\" data-element_type=\"column\" data-e-type=\"column\">\n\t\t\t<div class=\"elementor-widget-wrap elementor-element-populated\">\n\t\t\t\t<div class=\"elementor-element elementor-element-b31b3f7 e-con-full e-flex e-con e-parent\" data-id=\"b31b3f7\" data-element_type=\"container\" data-e-type=\"container\">\n\t\t\t\t<div class=\"elementor-element elementor-element-a69a8ce elementor-widget__width-inherit elementor-widget elementor-widget-text-editor\" data-id=\"a69a8ce\" data-element_type=\"widget\" data-e-type=\"widget\" data-widget_type=\"text-editor.default\">\n\t\t\t\t<div class=\"elementor-widget-container\">\n\t\t\t\t\t\t\t\t\t<p><img fetchpriority=\"high\" decoding=\"async\" class=\"size-medium wp-image-3735 alignleft\" src=\"http:\/\/sophro-clermont.fr\/wp-content\/uploads\/2024\/05\/Image4-300x266.png\" alt=\"\" width=\"300\" height=\"266\" srcset=\"https:\/\/sophro-clermont.fr\/wp-content\/uploads\/2024\/05\/Image4-300x266.png 300w, https:\/\/sophro-clermont.fr\/wp-content\/uploads\/2024\/05\/Image4-1024x910.png 1024w, https:\/\/sophro-clermont.fr\/wp-content\/uploads\/2024\/05\/Image4-768x682.png 768w, https:\/\/sophro-clermont.fr\/wp-content\/uploads\/2024\/05\/Image4.png 1145w\" sizes=\"(max-width: 300px) 100vw, 300px\" \/>En tant que sophrologue, ma mission principale est de vous aider \u00e0 retrouver un \u00e9quilibre mental, \u00e9motionnel et physique, en utilisant des techniques de relaxation, de respiration et de visualisation. Mon objectif est de vous accompagner vers le bien-\u00eatre et l&rsquo;\u00e9panouissement personnel.<\/p><p><span style=\"color: var( --e-global-color-text ); background-color: var(--background-color); font-style: var(--fontStyle,inherit); font-weight: var(--fontWeight,normal); letter-spacing: var(--letterSpacing); text-transform: var(--textTransform);\">En travaillant sur la conscience corporelle, je vous aide \u00e0 d\u00e9velopper vos propres ressources pour\u00a0<\/span><span style=\"color: var( --e-global-color-text ); background-color: var(--background-color); font-style: var(--fontStyle,inherit); font-weight: var(--fontWeight,normal); letter-spacing: var(--letterSpacing); text-transform: var(--textTransform);\">faire face aux d\u00e9fis de la vie quotidienne.<\/span><\/p>\t\t\t\t\t\t\t\t<\/div>\n\t\t\t\t<\/div>\n\t\t\t\t<\/div>\n\t\t<div class=\"elementor-element elementor-element-404637e e-con-full e-flex e-con e-parent\" data-id=\"404637e\" data-element_type=\"container\" data-e-type=\"container\">\n\t\t\t\t<div class=\"elementor-element elementor-element-3533ae4 elementor-widget__width-inherit elementor-widget elementor-widget-text-editor\" data-id=\"3533ae4\" data-element_type=\"widget\" data-e-type=\"widget\" data-widget_type=\"text-editor.default\">\n\t\t\t\t<div class=\"elementor-widget-container\">\n\t\t\t\t\t\t\t\t\t<p><img decoding=\"async\" class=\"size-medium wp-image-3733 alignright\" src=\"http:\/\/sophro-clermont.fr\/wp-content\/uploads\/2024\/05\/Ma-mission-texte-long_2-300x204.png\" alt=\"\" width=\"300\" height=\"204\" srcset=\"https:\/\/sophro-clermont.fr\/wp-content\/uploads\/2024\/05\/Ma-mission-texte-long_2-300x204.png 300w, https:\/\/sophro-clermont.fr\/wp-content\/uploads\/2024\/05\/Ma-mission-texte-long_2-1024x698.png 1024w, https:\/\/sophro-clermont.fr\/wp-content\/uploads\/2024\/05\/Ma-mission-texte-long_2-768x523.png 768w, https:\/\/sophro-clermont.fr\/wp-content\/uploads\/2024\/05\/Ma-mission-texte-long_2-1536x1046.png 1536w, https:\/\/sophro-clermont.fr\/wp-content\/uploads\/2024\/05\/Ma-mission-texte-long_2.png 1791w\" sizes=\"(max-width: 300px) 100vw, 300px\" \/>En r\u00e9sum\u00e9, mon r\u00f4le en tant que sophrologue est de vous offrir un<br \/>espace s\u00e9curis\u00e9 et bienveillant o\u00f9 vous pourrez explorer vos ressources int\u00e9rieures pour vivre pleinement votre vie. Je travaille en collaboration avec d&rsquo;autres professionnels de la sant\u00e9 pour garantir le meilleur accompagnement possible \u00e0 ceux qui me font confiance.\u00a0<\/p><p><span style=\"background-color: var(--background-color); color: var( --e-global-color-text ); font-style: var(--fontStyle,inherit); font-weight: var(--fontWeight,normal); letter-spacing: var(--letterSpacing); text-transform: var(--textTransform);\">Que ce soit pour g\u00e9rer le stress, les \u00e9motions n\u00e9gatives, ou encore les troubles du sommeil, la sophrologie offre une approche douce et naturelle pour retrouver un \u00e9tat de bien-\u00eatre durable.<\/span><\/p>\t\t\t\t\t\t\t\t<\/div>\n\t\t\t\t<\/div>\n\t\t\t\t<\/div>\n\t\t<div class=\"elementor-element elementor-element-8a37733 e-con-full e-flex e-con e-parent\" data-id=\"8a37733\" data-element_type=\"container\" data-e-type=\"container\">\n\t\t\t\t<div class=\"elementor-element elementor-element-4de92c9 elementor-widget__width-auto elementor-widget elementor-widget-text-editor\" data-id=\"4de92c9\" data-element_type=\"widget\" data-e-type=\"widget\" data-widget_type=\"text-editor.default\">\n\t\t\t\t<div class=\"elementor-widget-container\">\n\t\t\t\t\t\t\t\t\t<p><img decoding=\"async\" class=\" wp-image-3736 alignleft\" src=\"http:\/\/sophro-clermont.fr\/wp-content\/uploads\/2024\/05\/Image3-300x275.png\" alt=\"\" width=\"165\" height=\"152\" srcset=\"https:\/\/sophro-clermont.fr\/wp-content\/uploads\/2024\/05\/Image3-300x275.png 300w, https:\/\/sophro-clermont.fr\/wp-content\/uploads\/2024\/05\/Image3-1024x939.png 1024w, https:\/\/sophro-clermont.fr\/wp-content\/uploads\/2024\/05\/Image3-768x704.png 768w, https:\/\/sophro-clermont.fr\/wp-content\/uploads\/2024\/05\/Image3-570x530.png 570w, https:\/\/sophro-clermont.fr\/wp-content\/uploads\/2024\/05\/Image3.png 1090w\" sizes=\"(max-width: 165px) 100vw, 165px\" \/>Cependant, il est important de souligner que la sophrologie ne remplace en aucun cas la m\u00e9decine traditionnelle ou les professionnels de sant\u00e9. En tant que sophrologue, je ne pose pas de diagnostics m\u00e9dicaux et je n&rsquo;interviens pas dans le traitement des maladies ou des troubles psychologiques graves. Ma pratique s&rsquo;inscrit en compl\u00e9mentarit\u00e9 avec le suivi m\u00e9dical et th\u00e9rapeutique, et vise \u00e0 soutenir le processus de gu\u00e9rison en renfor\u00e7ant les capacit\u00e9s d&rsquo;adaptation et de r\u00e9silience de mes clients.<\/p>\t\t\t\t\t\t\t\t<\/div>\n\t\t\t\t<\/div>\n\t\t\t\t<\/div>\n\t\t\t\t\t<\/div>\n\t\t<\/div>\n\t\t\t\t\t<\/div>\n\t\t<\/section>\n\t\t\t\t\t<\/div>\n\t\t<\/div>\n\t\t\t\t\t<\/div>\n\t\t<\/section>\n\t\t<div class=\"elementor-element elementor-element-75cb174 elementor-hidden-desktop e-flex e-con-boxed e-con e-parent\" data-id=\"75cb174\" data-element_type=\"container\" data-e-type=\"container\">\n\t\t\t\t\t<div class=\"e-con-inner\">\n\t\t<div class=\"elementor-element elementor-element-f7ebb63 e-con-full e-flex e-con e-child\" data-id=\"f7ebb63\" data-element_type=\"container\" data-e-type=\"container\">\n\t\t\t\t<div class=\"elementor-element elementor-element-0f76356 elementor-widget__width-inherit elementor-widget elementor-widget-text-editor\" data-id=\"0f76356\" data-element_type=\"widget\" data-e-type=\"widget\" data-widget_type=\"text-editor.default\">\n\t\t\t\t<div class=\"elementor-widget-container\">\n\t\t\t\t\t\t\t\t\t<p><img fetchpriority=\"high\" decoding=\"async\" class=\"size-medium wp-image-3735 alignleft\" src=\"http:\/\/sophro-clermont.fr\/wp-content\/uploads\/2024\/05\/Image4-300x266.png\" alt=\"\" width=\"300\" height=\"266\" srcset=\"https:\/\/sophro-clermont.fr\/wp-content\/uploads\/2024\/05\/Image4-300x266.png 300w, https:\/\/sophro-clermont.fr\/wp-content\/uploads\/2024\/05\/Image4-1024x910.png 1024w, https:\/\/sophro-clermont.fr\/wp-content\/uploads\/2024\/05\/Image4-768x682.png 768w, https:\/\/sophro-clermont.fr\/wp-content\/uploads\/2024\/05\/Image4.png 1145w\" sizes=\"(max-width: 300px) 100vw, 300px\" \/>En tant que sophrologue, ma mission principale est de vous aider \u00e0 retrouver un \u00e9quilibre mental, \u00e9motionnel et physique, en utilisant des techniques de relaxation, de respiration et de visualisation. Mon objectif est de vous accompagner vers le bien-\u00eatre et l&rsquo;\u00e9panouissement personnel.<\/p><p><span style=\"color: var( --e-global-color-text ); background-color: var(--background-color); font-style: var(--fontStyle,inherit); font-weight: var(--fontWeight,normal); letter-spacing: var(--letterSpacing); text-transform: var(--textTransform);\">En travaillant sur la conscience corporelle, je vous aide \u00e0 d\u00e9velopper vos propres ressources pour\u00a0<\/span><span style=\"color: var( --e-global-color-text ); background-color: var(--background-color); font-style: var(--fontStyle,inherit); font-weight: var(--fontWeight,normal); letter-spacing: var(--letterSpacing); text-transform: var(--textTransform);\">faire face aux d\u00e9fis de la vie quotidienne.<\/span><\/p>\t\t\t\t\t\t\t\t<\/div>\n\t\t\t\t<\/div>\n\t\t\t\t<\/div>\n\t\t<div class=\"elementor-element elementor-element-e7ca72b e-con-full e-flex e-con e-child\" data-id=\"e7ca72b\" data-element_type=\"container\" data-e-type=\"container\">\n\t\t\t\t<div class=\"elementor-element elementor-element-7cb63b5 elementor-widget__width-inherit elementor-widget elementor-widget-text-editor\" data-id=\"7cb63b5\" data-element_type=\"widget\" data-e-type=\"widget\" data-widget_type=\"text-editor.default\">\n\t\t\t\t<div class=\"elementor-widget-container\">\n\t\t\t\t\t\t\t\t\t<p><img decoding=\"async\" class=\"size-medium wp-image-3733 alignright\" src=\"http:\/\/sophro-clermont.fr\/wp-content\/uploads\/2024\/05\/Ma-mission-texte-long_2-300x204.png\" alt=\"\" width=\"300\" height=\"204\" srcset=\"https:\/\/sophro-clermont.fr\/wp-content\/uploads\/2024\/05\/Ma-mission-texte-long_2-300x204.png 300w, https:\/\/sophro-clermont.fr\/wp-content\/uploads\/2024\/05\/Ma-mission-texte-long_2-1024x698.png 1024w, https:\/\/sophro-clermont.fr\/wp-content\/uploads\/2024\/05\/Ma-mission-texte-long_2-768x523.png 768w, https:\/\/sophro-clermont.fr\/wp-content\/uploads\/2024\/05\/Ma-mission-texte-long_2-1536x1046.png 1536w, https:\/\/sophro-clermont.fr\/wp-content\/uploads\/2024\/05\/Ma-mission-texte-long_2.png 1791w\" sizes=\"(max-width: 300px) 100vw, 300px\" \/>En r\u00e9sum\u00e9, mon r\u00f4le en tant que sophrologue est de vous offrir un<br \/>espace s\u00e9curis\u00e9 et bienveillant o\u00f9 vous pourrez explorer vos ressources int\u00e9rieures pour vivre pleinement votre vie. Je travaille en collaboration avec d&rsquo;autres professionnels de la sant\u00e9 pour garantir le meilleur accompagnement possible \u00e0 ceux qui me font confiance.\u00a0<\/p><p><span style=\"background-color: var(--background-color); color: var( --e-global-color-text ); font-style: var(--fontStyle,inherit); font-weight: var(--fontWeight,normal); letter-spacing: var(--letterSpacing); text-transform: var(--textTransform);\">Que ce soit pour g\u00e9rer le stress, les \u00e9motions n\u00e9gatives, ou encore les troubles du sommeil, la sophrologie offre une approche douce et naturelle pour retrouver un \u00e9tat de bien-\u00eatre durable.<\/span><\/p>\t\t\t\t\t\t\t\t<\/div>\n\t\t\t\t<\/div>\n\t\t\t\t<\/div>\n\t\t<div class=\"elementor-element elementor-element-2e14d1e e-con-full elementor-hidden-mobile e-flex e-con e-child\" data-id=\"2e14d1e\" data-element_type=\"container\" data-e-type=\"container\">\n\t\t\t\t<div class=\"elementor-element elementor-element-af4dccd elementor-widget__width-auto elementor-widget elementor-widget-text-editor\" data-id=\"af4dccd\" data-element_type=\"widget\" data-e-type=\"widget\" data-widget_type=\"text-editor.default\">\n\t\t\t\t<div class=\"elementor-widget-container\">\n\t\t\t\t\t\t\t\t\t<p><img decoding=\"async\" class=\" wp-image-3736 alignleft\" src=\"http:\/\/sophro-clermont.fr\/wp-content\/uploads\/2024\/05\/Image3-300x275.png\" alt=\"\" width=\"165\" height=\"152\" srcset=\"https:\/\/sophro-clermont.fr\/wp-content\/uploads\/2024\/05\/Image3-300x275.png 300w, https:\/\/sophro-clermont.fr\/wp-content\/uploads\/2024\/05\/Image3-1024x939.png 1024w, https:\/\/sophro-clermont.fr\/wp-content\/uploads\/2024\/05\/Image3-768x704.png 768w, https:\/\/sophro-clermont.fr\/wp-content\/uploads\/2024\/05\/Image3-570x530.png 570w, https:\/\/sophro-clermont.fr\/wp-content\/uploads\/2024\/05\/Image3.png 1090w\" sizes=\"(max-width: 165px) 100vw, 165px\" \/>Cependant, il est important de souligner que la sophrologie ne remplace en aucun cas la m\u00e9decine traditionnelle ou les professionnels de sant\u00e9. En tant que sophrologue, je ne pose pas de diagnostics m\u00e9dicaux et je n&rsquo;interviens pas dans le traitement des maladies ou des troubles psychologiques graves. Ma pratique s&rsquo;inscrit en compl\u00e9mentarit\u00e9 avec le suivi m\u00e9dical et th\u00e9rapeutique, et vise \u00e0 soutenir le processus de gu\u00e9rison en renfor\u00e7ant les capacit\u00e9s d&rsquo;adaptation et de r\u00e9silience de mes clients.<\/p>\t\t\t\t\t\t\t\t<\/div>\n\t\t\t\t<\/div>\n\t\t\t\t<\/div>\n\t\t<div class=\"elementor-element elementor-element-8b6dba1 e-con-full elementor-hidden-desktop elementor-hidden-tablet e-flex e-con e-child\" data-id=\"8b6dba1\" data-element_type=\"container\" data-e-type=\"container\">\n\t\t\t\t<div class=\"elementor-element elementor-element-2592aa3 elementor-widget__width-auto elementor-widget elementor-widget-text-editor\" data-id=\"2592aa3\" data-element_type=\"widget\" data-e-type=\"widget\" data-widget_type=\"text-editor.default\">\n\t\t\t\t<div class=\"elementor-widget-container\">\n\t\t\t\t\t\t\t\t\t<p><img loading=\"lazy\" decoding=\"async\" class=\"wp-image-3736 aligncenter\" src=\"http:\/\/sophro-clermont.fr\/wp-content\/uploads\/2024\/05\/Image3-300x275.png\" alt=\"\" width=\"165\" height=\"152\" srcset=\"https:\/\/sophro-clermont.fr\/wp-content\/uploads\/2024\/05\/Image3-300x275.png 300w, https:\/\/sophro-clermont.fr\/wp-content\/uploads\/2024\/05\/Image3-1024x939.png 1024w, https:\/\/sophro-clermont.fr\/wp-content\/uploads\/2024\/05\/Image3-768x704.png 768w, https:\/\/sophro-clermont.fr\/wp-content\/uploads\/2024\/05\/Image3-570x530.png 570w, https:\/\/sophro-clermont.fr\/wp-content\/uploads\/2024\/05\/Image3.png 1090w\" sizes=\"(max-width: 165px) 100vw, 165px\" \/>Cependant, il est important de souligner que la sophrologie ne remplace en aucun cas la m\u00e9decine traditionnelle ou les professionnels de sant\u00e9. En tant que sophrologue, je ne pose pas de diagnostics m\u00e9dicaux et je n&rsquo;interviens pas dans le traitement des maladies ou des troubles psychologiques graves. Ma pratique s&rsquo;inscrit en compl\u00e9mentarit\u00e9 avec le suivi m\u00e9dical et th\u00e9rapeutique, et vise \u00e0 soutenir le processus de gu\u00e9rison en renfor\u00e7ant les capacit\u00e9s d&rsquo;adaptation et de r\u00e9silience de mes clients.<\/p>\t\t\t\t\t\t\t\t<\/div>\n\t\t\t\t<\/div>\n\t\t\t\t<\/div>\n\t\t\t\t\t<\/div>\n\t\t\t\t<\/div>\n\t\t\t\t<section class=\"elementor-section elementor-top-section elementor-element elementor-element-3a9a9e3 elementor-section-full_width elementor-section-height-default elementor-section-height-default elementor-invisible\" data-id=\"3a9a9e3\" data-element_type=\"section\" data-e-type=\"section\" data-settings=\"{&quot;background_background&quot;:&quot;classic&quot;,&quot;animation&quot;:&quot;fadeIn&quot;}\">\n\t\t\t\t\t\t<div class=\"elementor-container elementor-column-gap-default\">\n\t\t\t\t\t<div class=\"elementor-column elementor-col-100 elementor-top-column elementor-element elementor-element-3fe1103\" data-id=\"3fe1103\" data-element_type=\"column\" data-e-type=\"column\">\n\t\t\t<div class=\"elementor-widget-wrap elementor-element-populated\">\n\t\t\t\t\t\t<section class=\"elementor-section elementor-inner-section elementor-element elementor-element-e3f7d5c elementor-section-boxed elementor-section-height-default elementor-section-height-default\" data-id=\"e3f7d5c\" data-element_type=\"section\" data-e-type=\"section\">\n\t\t\t\t\t\t<div class=\"elementor-container elementor-column-gap-default\">\n\t\t\t\t\t<div class=\"elementor-column elementor-col-100 elementor-inner-column elementor-element elementor-element-7756c95\" data-id=\"7756c95\" data-element_type=\"column\" data-e-type=\"column\">\n\t\t\t<div class=\"elementor-widget-wrap elementor-element-populated\">\n\t\t\t\t<div class=\"elementor-element elementor-element-b00d6e0 e-flex e-con-boxed e-con e-parent\" data-id=\"b00d6e0\" data-element_type=\"container\" data-e-type=\"container\">\n\t\t\t\t\t<div class=\"e-con-inner\">\n\t\t\t\t<div class=\"elementor-element elementor-element-68143b8 elementor-widget elementor-widget-image\" data-id=\"68143b8\" data-element_type=\"widget\" data-e-type=\"widget\" data-widget_type=\"image.default\">\n\t\t\t\t<div class=\"elementor-widget-container\">\n\t\t\t\t\t\t\t\t\t\t\t\t\t\t\t<img loading=\"lazy\" decoding=\"async\" width=\"579\" height=\"159\" src=\"https:\/\/sophro-clermont.fr\/wp-content\/uploads\/2024\/05\/3-1.png\" class=\"attachment-large size-large wp-image-3664\" alt=\"3-1\" srcset=\"https:\/\/sophro-clermont.fr\/wp-content\/uploads\/2024\/05\/3-1.png 579w, https:\/\/sophro-clermont.fr\/wp-content\/uploads\/2024\/05\/3-1-300x82.png 300w\" sizes=\"(max-width: 579px) 100vw, 579px\" \/>\t\t\t\t\t\t\t\t\t\t\t\t\t\t\t<\/div>\n\t\t\t\t<\/div>\n\t\t\t\t\t<\/div>\n\t\t\t\t<\/div>\n\t\t\t\t<div class=\"elementor-element elementor-element-3372f96 elementor-widget elementor-widget-text-editor\" data-id=\"3372f96\" data-element_type=\"widget\" data-e-type=\"widget\" data-widget_type=\"text-editor.default\">\n\t\t\t\t<div class=\"elementor-widget-container\">\n\t\t\t\t\t\t\t\t\t<p>\u00a0En tant qu&rsquo;adh\u00e9rente \u00e0 la Chambre Syndicale de la Sophrologie, je suis tenue de respecter le code de d\u00e9ontologie qui r\u00e9git notre profession. Ce code assure la qualit\u00e9 et l&rsquo;int\u00e9grit\u00e9 de notre pratique en d\u00e9finissant des principes tels que le respect du secret professionnel, la bienveillance envers les personnes accompagn\u00e9es, et l&rsquo;application de m\u00e9thodes conformes aux valeurs de la sophrologie. Je m&rsquo;engage ainsi \u00e0 exercer ma profession selon ces normes \u00e9thiques, contribuant ainsi \u00e0 promouvoir une pratique sophrologique exemplaire et b\u00e9n\u00e9fique pour tous<\/p>\t\t\t\t\t\t\t\t<\/div>\n\t\t\t\t<\/div>\n\t\t\t\t\t<\/div>\n\t\t<\/div>\n\t\t\t\t\t<\/div>\n\t\t<\/section>\n\t\t\t\t\t<\/div>\n\t\t<\/div>\n\t\t\t\t\t<\/div>\n\t\t<\/section>\n\t\t\t\t<\/div>\n\t\t","protected":false},"excerpt":{"rendered":"<p>Ma mission En tant que sophrologue, ma mission principale est de vous aider \u00e0 retrouver un \u00e9quilibre mental, \u00e9motionnel et physique, en utilisant des techniques de relaxation, de respiration et [&hellip;]<\/p>\n","protected":false},"author":1,"featured_media":0,"parent":0,"menu_order":0,"comment_status":"closed","ping_status":"closed","template":"","meta":{"om_disable_all_campaigns":false,"_monsterinsights_skip_tracking":false,"_monsterinsights_sitenote_active":false,"_monsterinsights_sitenote_note":"","_monsterinsights_sitenote_category":0,"footnotes":""},"class_list":["post-3647","page","type-page","status-publish","hentry","rishi-post","no-post-thumbnail"],"rishi__cb_customizer_meta":"","aioseo_notices":[],"_links":{"self":[{"href":"https:\/\/sophro-clermont.fr\/index.php\/wp-json\/wp\/v2\/pages\/3647","targetHints":{"allow":["GET"]}}],"collection":[{"href":"https:\/\/sophro-clermont.fr\/index.php\/wp-json\/wp\/v2\/pages"}],"about":[{"href":"https:\/\/sophro-clermont.fr\/index.php\/wp-json\/wp\/v2\/types\/page"}],"author":[{"embeddable":true,"href":"https:\/\/sophro-clermont.fr\/index.php\/wp-json\/wp\/v2\/users\/1"}],"replies":[{"embeddable":true,"href":"https:\/\/sophro-clermont.fr\/index.php\/wp-json\/wp\/v2\/comments?post=3647"}],"version-history":[{"count":64,"href":"https:\/\/sophro-clermont.fr\/index.php\/wp-json\/wp\/v2\/pages\/3647\/revisions"}],"predecessor-version":[{"id":4086,"href":"https:\/\/sophro-clermont.fr\/index.php\/wp-json\/wp\/v2\/pages\/3647\/revisions\/4086"}],"wp:attachment":[{"href":"https:\/\/sophro-clermont.fr\/index.php\/wp-json\/wp\/v2\/media?parent=3647"}],"curies":[{"name":"wp","href":"https:\/\/api.w.org\/{rel}","templated":true}]}}